{"id":148,"date":"2025-03-10T08:50:22","date_gmt":"2025-03-10T07:50:22","guid":{"rendered":"https:\/\/chic-peppig-bunt.de\/blog\/?page_id=148"},"modified":"2025-03-10T08:50:22","modified_gmt":"2025-03-10T07:50:22","slug":"impressum","status":"publish","type":"page","link":"https:\/\/chic-peppig-bunt.de\/blog\/impressum\/","title":{"rendered":"Impressum"},"content":{"rendered":"\n<p>Tanja Kittel<br>chic-peppig-bunt<br>P\u00f6fersdorf 8<br>92331 Lupburg<br>Deutschland<\/p>\n\n\n\n<p>Tel.: 094928484085<br>E-Mail: shop@chic-peppig-bunt.de<\/p>\n\n\n\n<p>Umsatzsteuer-Identifikationsnummer: DE284282001<\/p>\n\n\n\n<p>Zust\u00e4ndige Aufsichtsbeh\u00f6rde f\u00fcr das Angebot audiovisueller Mediendienste:<br>Bayerische Landeszentrale f\u00fcr neue Medien (BLM), , Heinrich-L\u00fcbke-Str. 27, 81737 M\u00fcnchen, , Tel.: +49 (0)89 63 808-0, Fax: +49 (0)89 63 808-394, E-Mail: info@blm.de<\/p>\n\n\n\n<p>Plattform der EU-Kommission zur Online-Streitbeilegung:&nbsp;<a target=\"_blank\" href=\"https:\/\/ec.europa.eu\/odr\" rel=\"noreferrer noopener\">https:\/\/ec.europa.eu\/odr<\/a><\/p>\n\n\n\n<p>Wir sind zur Teilnahme an einem Streitbeilegungsverfahren vor einer Verbraucherschlichtungsstelle weder verpflichtet noch bereit.<\/p>\n\n\n\n<p>Mitglied der Initiative &#8222;Fairness im Handel&#8220;.<br>N\u00e4here Informationen:&nbsp;<a target=\"_blank\" href=\"https:\/\/www.fairness-im-handel.de\/\" rel=\"noreferrer noopener\">https:\/\/www.fairness-im-handel.de<\/a><\/p>\n","protected":false},"excerpt":{"rendered":"<p>Tanja Kittelchic-peppig-buntP\u00f6fersdorf 892331 LupburgDeutschland Tel.: 094928484085E-Mail: shop@chic-peppig-bunt.de Umsatzsteuer-Identifikationsnummer: DE284282001 Zust\u00e4ndige Aufsichtsbeh\u00f6rde f\u00fcr das Angebot audiovisueller Mediendienste:Bayerische Landeszentrale f\u00fcr neue Medien [&hellip;]<\/p>\n","protected":false},"author":2,"featured_media":0,"parent":0,"menu_order":0,"comment_status":"closed","ping_status":"closed","template":"","meta":{"_uag_custom_page_level_css":"","site-sidebar-layout":"default","site-content-layout":"","ast-site-content-layout":"default","site-content-style":"default","site-sidebar-style":"default","ast-global-header-display":"","ast-banner-title-visibility":"","ast-main-header-display":"","ast-hfb-above-header-display":"","ast-hfb-below-header-display":"","ast-hfb-mobile-header-display":"","site-post-title":"","ast-breadcrumbs-content":"","ast-featured-img":"","footer-sml-layout":"","ast-disable-related-posts":"","theme-transparent-header-meta":"","adv-header-id-meta":"","stick-header-meta":"","header-above-stick-meta":"","header-main-stick-meta":"","header-below-stick-meta":"","astra-migrate-meta-layouts":"default","ast-page-background-enabled":"default","ast-page-background-meta":{"desktop":{"background-color":"var(--ast-global-color-4)","background-image":"","background-repeat":"repeat","background-position":"center center","background-size":"auto","background-attachment":"scroll","background-type":"","background-media":"","overlay-type":"","overlay-color":"","overlay-opacity":"","overlay-gradient":""},"tablet":{"background-color":"","background-image":"","background-repeat":"repeat","background-position":"center center","background-size":"auto","background-attachment":"scroll","background-type":"","background-media":"","overlay-type":"","overlay-color":"","overlay-opacity":"","overlay-gradient":""},"mobile":{"background-color":"","background-image":"","background-repeat":"repeat","background-position":"center center","background-size":"auto","background-attachment":"scroll","background-type":"","background-media":"","overlay-type":"","overlay-color":"","overlay-opacity":"","overlay-gradient":""}},"ast-content-background-meta":{"desktop":{"background-color":"var(--ast-global-color-5)","background-image":"","background-repeat":"repeat","background-position":"center center","background-size":"auto","background-attachment":"scroll","background-type":"","background-media":"","overlay-type":"","overlay-color":"","overlay-opacity":"","overlay-gradient":""},"tablet":{"background-color":"var(--ast-global-color-5)","background-image":"","background-repeat":"repeat","background-position":"center center","background-size":"auto","background-attachment":"scroll","background-type":"","background-media":"","overlay-type":"","overlay-color":"","overlay-opacity":"","overlay-gradient":""},"mobile":{"background-color":"var(--ast-global-color-5)","background-image":"","background-repeat":"repeat","background-position":"center center","background-size":"auto","background-attachment":"scroll","background-type":"","background-media":"","overlay-type":"","overlay-color":"","overlay-opacity":"","overlay-gradient":""}},"footnotes":""},"class_list":["post-148","page","type-page","status-publish","hentry"],"yoast_head":"<!-- This site is optimized with the Yoast SEO plugin v27.5 - https:\/\/yoast.com\/product\/yoast-seo-wordpress\/ -->\n<title>Impressum - Chic Peppig Bunt der Blog<\/title>\n<meta name=\"robots\" content=\"index, follow, max-snippet:-1, max-image-preview:large, max-video-preview:-1\" \/>\n<link rel=\"canonical\" href=\"https:\/\/chic-peppig-bunt.de\/blog\/impressum\/\" \/>\n<meta property=\"og:locale\" content=\"de_DE\" \/>\n<meta property=\"og:type\" content=\"article\" \/>\n<meta property=\"og:title\" content=\"Impressum - Chic Peppig Bunt der Blog\" \/>\n<meta property=\"og:description\" content=\"Tanja Kittelchic-peppig-buntP\u00f6fersdorf 892331 LupburgDeutschland Tel.: 094928484085E-Mail: shop@chic-peppig-bunt.de Umsatzsteuer-Identifikationsnummer: DE284282001 Zust\u00e4ndige Aufsichtsbeh\u00f6rde f\u00fcr das Angebot audiovisueller Mediendienste:Bayerische Landeszentrale f\u00fcr neue Medien [&hellip;]\" \/>\n<meta property=\"og:url\" content=\"https:\/\/chic-peppig-bunt.de\/blog\/impressum\/\" \/>\n<meta property=\"og:site_name\" content=\"Chic Peppig Bunt der Blog\" \/>\n<meta property=\"article:publisher\" content=\"https:\/\/www.facebook.com\/ChicPeppigBuntde\" \/>\n<meta name=\"twitter:card\" content=\"summary_large_image\" \/>\n<meta name=\"twitter:site\" content=\"@bunt\" \/>\n<meta name=\"twitter:label1\" content=\"Gesch\u00e4tzte Lesezeit\" \/>\n\t<meta name=\"twitter:data1\" content=\"1\u00a0Minute\" \/>\n<script type=\"application\/ld+json\" class=\"yoast-schema-graph\">{\"@context\":\"https:\\\/\\\/schema.org\",\"@graph\":[{\"@type\":\"WebPage\",\"@id\":\"https:\\\/\\\/chic-peppig-bunt.de\\\/blog\\\/impressum\\\/\",\"url\":\"https:\\\/\\\/chic-peppig-bunt.de\\\/blog\\\/impressum\\\/\",\"name\":\"Impressum - Chic Peppig Bunt der Blog\",\"isPartOf\":{\"@id\":\"https:\\\/\\\/chic-peppig-bunt.de\\\/blog\\\/#website\"},\"datePublished\":\"2025-03-10T07:50:22+00:00\",\"breadcrumb\":{\"@id\":\"https:\\\/\\\/chic-peppig-bunt.de\\\/blog\\\/impressum\\\/#breadcrumb\"},\"inLanguage\":\"de\",\"potentialAction\":[{\"@type\":\"ReadAction\",\"target\":[\"https:\\\/\\\/chic-peppig-bunt.de\\\/blog\\\/impressum\\\/\"]}]},{\"@type\":\"BreadcrumbList\",\"@id\":\"https:\\\/\\\/chic-peppig-bunt.de\\\/blog\\\/impressum\\\/#breadcrumb\",\"itemListElement\":[{\"@type\":\"ListItem\",\"position\":1,\"name\":\"Startseite\",\"item\":\"https:\\\/\\\/chic-peppig-bunt.de\\\/blog\\\/\"},{\"@type\":\"ListItem\",\"position\":2,\"name\":\"Impressum\"}]},{\"@type\":\"WebSite\",\"@id\":\"https:\\\/\\\/chic-peppig-bunt.de\\\/blog\\\/#website\",\"url\":\"https:\\\/\\\/chic-peppig-bunt.de\\\/blog\\\/\",\"name\":\"chic-peppig-bunt\",\"description\":\"Mehr Infos zu unseren Chic Peppig Bunt Sortiment\",\"publisher\":{\"@id\":\"https:\\\/\\\/chic-peppig-bunt.de\\\/blog\\\/#\\\/schema\\\/person\\\/813d445f389036151cab3841c3ee5889\"},\"potentialAction\":[{\"@type\":\"SearchAction\",\"target\":{\"@type\":\"EntryPoint\",\"urlTemplate\":\"https:\\\/\\\/chic-peppig-bunt.de\\\/blog\\\/?s={search_term_string}\"},\"query-input\":{\"@type\":\"PropertyValueSpecification\",\"valueRequired\":true,\"valueName\":\"search_term_string\"}}],\"inLanguage\":\"de\"},{\"@type\":[\"Person\",\"Organization\"],\"@id\":\"https:\\\/\\\/chic-peppig-bunt.de\\\/blog\\\/#\\\/schema\\\/person\\\/813d445f389036151cab3841c3ee5889\",\"name\":\"chicpeppigbunt_admin\",\"image\":{\"@type\":\"ImageObject\",\"inLanguage\":\"de\",\"@id\":\"https:\\\/\\\/chic-peppig-bunt.de\\\/blog\\\/wp-content\\\/uploads\\\/2024\\\/09\\\/logo.png\",\"url\":\"https:\\\/\\\/chic-peppig-bunt.de\\\/blog\\\/wp-content\\\/uploads\\\/2024\\\/09\\\/logo.png\",\"contentUrl\":\"https:\\\/\\\/chic-peppig-bunt.de\\\/blog\\\/wp-content\\\/uploads\\\/2024\\\/09\\\/logo.png\",\"width\":73,\"height\":100,\"caption\":\"chicpeppigbunt_admin\"},\"logo\":{\"@id\":\"https:\\\/\\\/chic-peppig-bunt.de\\\/blog\\\/wp-content\\\/uploads\\\/2024\\\/09\\\/logo.png\"},\"sameAs\":[\"http:\\\/\\\/wwww.chic-peppig-bunt.de\",\"https:\\\/\\\/www.facebook.com\\\/ChicPeppigBuntde\",\"https:\\\/\\\/www.instagram.com\\\/chicpeppigbunt\\\/\",\"https:\\\/\\\/www.pinterest.de\\\/chicpeppigbunt\\\/\",\"https:\\\/\\\/x.com\\\/chic-peppig-bunt\",\"https:\\\/\\\/www.youtube.com\\\/@chic-peppig-bunt4231\",\"https:\\\/\\\/www.tumblr.com\\\/chicpeppigbunt\"]}]}<\/script>\n<!-- \/ Yoast SEO plugin. -->","yoast_head_json":{"title":"Impressum - Chic Peppig Bunt der Blog","robots":{"index":"index","follow":"follow","max-snippet":"max-snippet:-1","max-image-preview":"max-image-preview:large","max-video-preview":"max-video-preview:-1"},"canonical":"https:\/\/chic-peppig-bunt.de\/blog\/impressum\/","og_locale":"de_DE","og_type":"article","og_title":"Impressum - Chic Peppig Bunt der Blog","og_description":"Tanja Kittelchic-peppig-buntP\u00f6fersdorf 892331 LupburgDeutschland Tel.: 094928484085E-Mail: shop@chic-peppig-bunt.de Umsatzsteuer-Identifikationsnummer: DE284282001 Zust\u00e4ndige Aufsichtsbeh\u00f6rde f\u00fcr das Angebot audiovisueller Mediendienste:Bayerische Landeszentrale f\u00fcr neue Medien [&hellip;]","og_url":"https:\/\/chic-peppig-bunt.de\/blog\/impressum\/","og_site_name":"Chic Peppig Bunt der Blog","article_publisher":"https:\/\/www.facebook.com\/ChicPeppigBuntde","twitter_card":"summary_large_image","twitter_site":"@bunt","twitter_misc":{"Gesch\u00e4tzte Lesezeit":"1\u00a0Minute"},"schema":{"@context":"https:\/\/schema.org","@graph":[{"@type":"WebPage","@id":"https:\/\/chic-peppig-bunt.de\/blog\/impressum\/","url":"https:\/\/chic-peppig-bunt.de\/blog\/impressum\/","name":"Impressum - Chic Peppig Bunt der Blog","isPartOf":{"@id":"https:\/\/chic-peppig-bunt.de\/blog\/#website"},"datePublished":"2025-03-10T07:50:22+00:00","breadcrumb":{"@id":"https:\/\/chic-peppig-bunt.de\/blog\/impressum\/#breadcrumb"},"inLanguage":"de","potentialAction":[{"@type":"ReadAction","target":["https:\/\/chic-peppig-bunt.de\/blog\/impressum\/"]}]},{"@type":"BreadcrumbList","@id":"https:\/\/chic-peppig-bunt.de\/blog\/impressum\/#breadcrumb","itemListElement":[{"@type":"ListItem","position":1,"name":"Startseite","item":"https:\/\/chic-peppig-bunt.de\/blog\/"},{"@type":"ListItem","position":2,"name":"Impressum"}]},{"@type":"WebSite","@id":"https:\/\/chic-peppig-bunt.de\/blog\/#website","url":"https:\/\/chic-peppig-bunt.de\/blog\/","name":"chic-peppig-bunt","description":"Mehr Infos zu unseren Chic Peppig Bunt Sortiment","publisher":{"@id":"https:\/\/chic-peppig-bunt.de\/blog\/#\/schema\/person\/813d445f389036151cab3841c3ee5889"},"potentialAction":[{"@type":"SearchAction","target":{"@type":"EntryPoint","urlTemplate":"https:\/\/chic-peppig-bunt.de\/blog\/?s={search_term_string}"},"query-input":{"@type":"PropertyValueSpecification","valueRequired":true,"valueName":"search_term_string"}}],"inLanguage":"de"},{"@type":["Person","Organization"],"@id":"https:\/\/chic-peppig-bunt.de\/blog\/#\/schema\/person\/813d445f389036151cab3841c3ee5889","name":"chicpeppigbunt_admin","image":{"@type":"ImageObject","inLanguage":"de","@id":"https:\/\/chic-peppig-bunt.de\/blog\/wp-content\/uploads\/2024\/09\/logo.png","url":"https:\/\/chic-peppig-bunt.de\/blog\/wp-content\/uploads\/2024\/09\/logo.png","contentUrl":"https:\/\/chic-peppig-bunt.de\/blog\/wp-content\/uploads\/2024\/09\/logo.png","width":73,"height":100,"caption":"chicpeppigbunt_admin"},"logo":{"@id":"https:\/\/chic-peppig-bunt.de\/blog\/wp-content\/uploads\/2024\/09\/logo.png"},"sameAs":["http:\/\/wwww.chic-peppig-bunt.de","https:\/\/www.facebook.com\/ChicPeppigBuntde","https:\/\/www.instagram.com\/chicpeppigbunt\/","https:\/\/www.pinterest.de\/chicpeppigbunt\/","https:\/\/x.com\/chic-peppig-bunt","https:\/\/www.youtube.com\/@chic-peppig-bunt4231","https:\/\/www.tumblr.com\/chicpeppigbunt"]}]}},"uagb_featured_image_src":{"full":false,"thumbnail":false,"medium":false,"medium_large":false,"large":false,"1536x1536":false,"2048x2048":false},"uagb_author_info":{"display_name":"kai","author_link":"https:\/\/chic-peppig-bunt.de\/blog\/author\/kai\/"},"uagb_comment_info":0,"uagb_excerpt":"Tanja Kittelchic-peppig-buntP\u00f6fersdorf 892331 LupburgDeutschland Tel.: 094928484085E-Mail: shop@chic-peppig-bunt.de Umsatzsteuer-Identifikationsnummer: DE284282001 Zust\u00e4ndige Aufsichtsbeh\u00f6rde f\u00fcr das Angebot audiovisueller Mediendienste:Bayerische Landeszentrale f\u00fcr neue Medien [&hellip;]","_links":{"self":[{"href":"https:\/\/chic-peppig-bunt.de\/blog\/wp-json\/wp\/v2\/pages\/148","targetHints":{"allow":["GET"]}}],"collection":[{"href":"https:\/\/chic-peppig-bunt.de\/blog\/wp-json\/wp\/v2\/pages"}],"about":[{"href":"https:\/\/chic-peppig-bunt.de\/blog\/wp-json\/wp\/v2\/types\/page"}],"author":[{"embeddable":true,"href":"https:\/\/chic-peppig-bunt.de\/blog\/wp-json\/wp\/v2\/users\/2"}],"replies":[{"embeddable":true,"href":"https:\/\/chic-peppig-bunt.de\/blog\/wp-json\/wp\/v2\/comments?post=148"}],"version-history":[{"count":1,"href":"https:\/\/chic-peppig-bunt.de\/blog\/wp-json\/wp\/v2\/pages\/148\/revisions"}],"predecessor-version":[{"id":150,"href":"https:\/\/chic-peppig-bunt.de\/blog\/wp-json\/wp\/v2\/pages\/148\/revisions\/150"}],"wp:attachment":[{"href":"https:\/\/chic-peppig-bunt.de\/blog\/wp-json\/wp\/v2\/media?parent=148"}],"curies":[{"name":"wp","href":"https:\/\/api.w.org\/{rel}","templated":true}]}}